{"id":116,"date":"2025-01-01T15:13:05","date_gmt":"2025-01-01T15:13:05","guid":{"rendered":"https:\/\/7starcbd.at\/shop\/?page_id=116"},"modified":"2025-01-06T19:46:24","modified_gmt":"2025-01-06T19:46:24","slug":"home","status":"publish","type":"page","link":"https:\/\/7starcbd.at\/shop\/","title":{"rendered":"Willkommen bei 7 Star CBD"},"content":{"rendered":"\n<div class=\"wp-block-group alignfull has-global-padding is-layout-constrained wp-container-core-group-is-layout-f611be13 wp-block-group-is-layout-constrained\" style=\"padding-top:var(--wp--preset--spacing--50);padding-right:var(--wp--preset--spacing--50);padding-bottom:var(--wp--preset--spacing--50);padding-left:var(--wp--preset--spacing--50)\">\n<div class=\"wp-block-group has-global-padding is-content-justification-left is-layout-constrained wp-container-core-group-is-layout-0f3b8c48 wp-block-group-is-layout-constrained\">\n<h1 class=\"wp-block-heading has-text-align-left\">Willkommen bei 7 Star CBD<\/h1>\n\n\n\n<div style=\"height:10px\" aria-hidden=\"true\" class=\"wp-block-spacer\"><\/div>\n\n\n\n<h4 class=\"wp-block-heading has-text-align-left\">Ihrem CBD-Spezialisten in Wien Aspern!<\/h4>\n\n\n\n<div style=\"height:25px\" aria-hidden=\"true\" class=\"wp-block-spacer\"><\/div>\n\n\n\n<p class=\"has-text-align-left\">Entdecken Sie die pure Kraft der Natur in unseren erstklassigen CBD-Produkten! \ud83c\udf3f<br>Unser Name steht f\u00fcr mehr als nur hochwertige Produkte \u2013 die&nbsp;<strong>7 Sterne<\/strong>&nbsp;in unserem Firmennamen symbolisieren unser kompromissloses Engagement f\u00fcr <strong>Qualit\u00e4t, Reinheit und Kundenzufriedenheit<\/strong>.<\/p>\n\n\n\n<div style=\"height:15px\" aria-hidden=\"true\" class=\"wp-block-spacer\"><\/div>\n\n\n\n<p class=\"has-text-align-left\">\ud83c\udf1f&nbsp;<strong>100% nat\u00fcrliche Zutaten<\/strong><br>\ud83c\udf1f&nbsp;<strong>Sorgf\u00e4ltige Herstellung<\/strong><br>\ud83c\udf1f&nbsp;<strong>Maximale Wirksamkeit<\/strong><\/p>\n\n\n\n<div style=\"height:15px\" aria-hidden=\"true\" class=\"wp-block-spacer\"><\/div>\n\n\n\n<p>Besuchen Sie unseren Shop und erleben Sie selbst, warum wir der Stern am CBD-Himmel sind!<br><strong>Vertrauen Sie auf die Marke mit den 7 Sternen \u2013&nbsp;<strong>Qualit\u00e4t, die man sp\u00fcrt.<\/strong>&nbsp;\u2728<\/strong><\/p>\n\n\n\n<div style=\"height:40px\" aria-hidden=\"true\" class=\"wp-block-spacer\"><\/div>\n\n\n\n<div class=\"wp-block-buttons is-content-justification-center is-layout-flex wp-container-core-buttons-is-layout-a89b3969 wp-block-buttons-is-layout-flex\">\n<div class=\"wp-block-button\"><a class=\"wp-block-button__link wp-element-button\" href=\"https:\/\/7starcbd.at\/shop\/shop\">Zum Shop<\/a><\/div>\n<\/div>\n<\/div>\n\n\n\n<figure class=\"wp-block-image alignwide size-full is-style-rounded is-style-rounded--1\"><img loading=\"lazy\" decoding=\"async\" width=\"640\" height=\"360\" src=\"https:\/\/7starcbd.at\/shop\/wp-content\/uploads\/2025\/01\/Unknown-2-1-edited.jpg\" alt=\"\" class=\"wp-image-124\" srcset=\"https:\/\/7starcbd.at\/shop\/wp-content\/uploads\/2025\/01\/Unknown-2-1-edited.jpg 640w, https:\/\/7starcbd.at\/shop\/wp-content\/uploads\/2025\/01\/Unknown-2-1-edited-300x169.jpg 300w, https:\/\/7starcbd.at\/shop\/wp-content\/uploads\/2025\/01\/Unknown-2-1-edited-600x338.jpg 600w\" sizes=\"auto, (max-width: 640px) 100vw, 640px\" \/><\/figure>\n<\/div>\n\n\n\n<div class=\"wp-block-group alignfull has-base-2-background-color has-background has-global-padding is-layout-constrained wp-container-core-group-is-layout-669513ed wp-block-group-is-layout-constrained\" style=\"margin-top:0;margin-bottom:0;padding-top:var(--wp--preset--spacing--50);padding-right:var(--wp--preset--spacing--50);padding-bottom:var(--wp--preset--spacing--50);padding-left:var(--wp--preset--spacing--50)\">\n<div class=\"wp-block-group is-vertical is-content-justification-center is-layout-flex wp-container-core-group-is-layout-52b864f0 wp-block-group-is-layout-flex\">\n<h1 class=\"wp-block-heading has-text-align-center is-style-asterisk\">Unsere 7 Sterne<\/h1>\n\n\n\n<p>Ein Versprechen an Sie<\/p>\n\n\n\n<div style=\"height:0px\" aria-hidden=\"true\" class=\"wp-block-spacer wp-container-content-4f2ccadb\"><\/div>\n<\/div>\n\n\n\n<div style=\"margin-top:0;margin-bottom:0;height:var(--wp--preset--spacing--40)\" aria-hidden=\"true\" class=\"wp-block-spacer\"><\/div>\n\n\n\n<div class=\"wp-block-columns alignwide is-layout-flex wp-container-core-columns-is-layout-d0bbbce0 wp-block-columns-is-layout-flex\">\n<div class=\"wp-block-column is-layout-flow wp-container-core-column-is-layout-e3d1c41b wp-block-column-is-layout-flow\">\n<h3 class=\"wp-block-heading has-text-align-left is-style-asterisk has-body-font-family has-medium-font-size\" style=\"font-style:normal;font-weight:600\">Qualit\u00e4t<\/h3>\n\n\n\n<p class=\"has-text-align-left\">H\u00f6chste Standards in jedem Schritt der Produktion.<\/p>\n<\/div>\n\n\n\n<div class=\"wp-block-column is-layout-flow wp-container-core-column-is-layout-e3d1c41b wp-block-column-is-layout-flow\">\n<h3 class=\"wp-block-heading has-text-align-left is-style-asterisk has-body-font-family has-medium-font-size\" style=\"font-style:normal;font-weight:600\">Vertrauen<\/h3>\n\n\n\n<p class=\"has-text-align-left\">Ihre Zufriedenheit ist unser gr\u00f6\u00dftes Ziel.<\/p>\n<\/div>\n\n\n\n<div class=\"wp-block-column is-layout-flow wp-container-core-column-is-layout-e3d1c41b wp-block-column-is-layout-flow\">\n<h3 class=\"wp-block-heading has-text-align-left is-style-asterisk has-body-font-family has-medium-font-size\" style=\"font-style:normal;font-weight:600\">Transparenz<\/h3>\n\n\n\n<p class=\"has-text-align-left\">Klare Informationen f\u00fcr informierte Entscheidungen.<\/p>\n<\/div>\n<\/div>\n\n\n\n<div style=\"height:var(--wp--preset--spacing--20)\" aria-hidden=\"true\" class=\"wp-block-spacer\"><\/div>\n\n\n\n<div class=\"wp-block-columns alignwide is-layout-flex wp-container-core-columns-is-layout-d0bbbce0 wp-block-columns-is-layout-flex\">\n<div class=\"wp-block-column is-layout-flow wp-container-core-column-is-layout-e3d1c41b wp-block-column-is-layout-flow\">\n<h3 class=\"wp-block-heading has-text-align-left is-style-asterisk has-body-font-family has-medium-font-size\" style=\"font-style:normal;font-weight:600\">Reinheit<\/h3>\n\n\n\n<p class=\"has-text-align-left\">Nur nat\u00fcrliche Inhaltsstoffe ohne Kompromisse.<\/p>\n<\/div>\n\n\n\n<div class=\"wp-block-column is-layout-flow wp-container-core-column-is-layout-e3d1c41b wp-block-column-is-layout-flow\">\n<h3 class=\"wp-block-heading has-text-align-left is-style-asterisk has-body-font-family has-medium-font-size\" style=\"font-style:normal;font-weight:600\">Kundenn\u00e4he<\/h3>\n\n\n\n<p class=\"has-text-align-left\">Wir sind f\u00fcr Sie da, lokal und pers\u00f6nlich<\/p>\n<\/div>\n\n\n\n<div class=\"wp-block-column is-layout-flow wp-container-core-column-is-layout-e3d1c41b wp-block-column-is-layout-flow\">\n<h3 class=\"wp-block-heading has-text-align-left is-style-asterisk has-body-font-family has-medium-font-size\" style=\"font-style:normal;font-weight:600\">Nachhaltigkeit<\/h3>\n\n\n\n<p class=\"has-text-align-left\">Verantwortung f\u00fcr die Natur und kommende Generationen.<\/p>\n<\/div>\n\n\n\n<div class=\"wp-block-column is-layout-flow wp-container-core-column-is-layout-e3d1c41b wp-block-column-is-layout-flow\">\n<h3 class=\"wp-block-heading has-text-align-left is-style-asterisk has-body-font-family has-medium-font-size\" style=\"font-style:normal;font-weight:600\">Innovation<\/h3>\n\n\n\n<p class=\"has-text-align-left\">Moderne Verfahren f\u00fcr beste Ergebnisse.<\/p>\n<\/div>\n<\/div>\n<\/div>\n\n\n\n<div class=\"wp-block-group alignfull has-global-padding is-layout-constrained wp-container-core-group-is-layout-d89aad35 wp-block-group-is-layout-constrained\" style=\"margin-top:0;margin-bottom:0;padding-top:var(--wp--preset--spacing--50);padding-right:var(--wp--preset--spacing--50);padding-bottom:var(--wp--preset--spacing--50);padding-left:var(--wp--preset--spacing--50)\">\n<div class=\"wp-block-group alignwide has-global-padding is-layout-constrained wp-container-core-group-is-layout-19e250f3 wp-block-group-is-layout-constrained\">\n<div class=\"wp-block-group is-vertical is-content-justification-center is-layout-flex wp-container-core-group-is-layout-6329a8f3 wp-block-group-is-layout-flex\">\n<h2 class=\"wp-block-heading has-text-align-center is-style-asterisk\">\ud83c\udf3f&nbsp;<strong>Nat\u00fcrlich. Nachhaltig. Einzigartig.<\/strong>&nbsp;\ud83c\udf3f<\/h2>\n\n\n\n<p class=\"has-text-align-center\">Unsere Mission ist einfach: Ihnen die besten CBD-Produkte zu bieten, die Sie finden k\u00f6nnen. Mit den&nbsp;<strong>7 Sternen<\/strong>, die unseren Namen schm\u00fccken, stehen wir f\u00fcr ein unvergleichliches Qualit\u00e4tsversprechen, das Sie bei jedem Produkt sp\u00fcren werden.<\/p>\n<\/div>\n\n\n\n<div style=\"height:var(--wp--preset--spacing--40)\" aria-hidden=\"true\" class=\"wp-block-spacer\"><\/div>\n\n\n\n<div class=\"wp-block-columns alignwide is-layout-flex wp-container-core-columns-is-layout-d1c656ed wp-block-columns-is-layout-flex\">\n<div class=\"wp-block-column is-vertically-aligned-center is-layout-flow wp-block-column-is-layout-flow\" style=\"flex-basis:40%\">\n<h3 class=\"wp-block-heading is-style-asterisk\"><strong>Warum CBD von 7 Star CBD?<\/strong><\/h3>\n\n\n\n<ul style=\"line-height:1.75\" class=\"wp-block-list is-style-checkmark-list\">\n<li>Qualit\u00e4t, die Sie verdienen.<\/li>\n\n\n\n<li>Vertrauen durch Transparenz.<\/li>\n\n\n\n<li>Exklusiv in Wien.<\/li>\n<\/ul>\n<\/div>\n\n\n\n<div class=\"wp-block-column is-layout-flow wp-block-column-is-layout-flow\" style=\"flex-basis:50%\">\n<figure class=\"wp-block-image size-full is-style-rounded is-style-rounded--3\"><img loading=\"lazy\" decoding=\"async\" width=\"640\" height=\"480\" src=\"https:\/\/7starcbd.at\/shop\/wp-content\/uploads\/2025\/01\/Unknown-5-edited.jpg\" alt=\"\" class=\"wp-image-126\" srcset=\"https:\/\/7starcbd.at\/shop\/wp-content\/uploads\/2025\/01\/Unknown-5-edited.jpg 640w, https:\/\/7starcbd.at\/shop\/wp-content\/uploads\/2025\/01\/Unknown-5-edited-300x225.jpg 300w, https:\/\/7starcbd.at\/shop\/wp-content\/uploads\/2025\/01\/Unknown-5-edited-600x450.jpg 600w\" sizes=\"auto, (max-width: 640px) 100vw, 640px\" \/><\/figure>\n<\/div>\n<\/div>\n\n\n\n<div style=\"height:var(--wp--preset--spacing--40)\" aria-hidden=\"true\" class=\"wp-block-spacer\"><\/div>\n\n\n\n<div class=\"wp-block-columns alignwide is-layout-flex wp-container-core-columns-is-layout-d1c656ed wp-block-columns-is-layout-flex\">\n<div class=\"wp-block-column is-layout-flow wp-block-column-is-layout-flow\" style=\"flex-basis:50%\">\n<figure class=\"wp-block-image size-full is-style-rounded is-style-rounded--4\"><img loading=\"lazy\" decoding=\"async\" width=\"640\" height=\"480\" src=\"https:\/\/7starcbd.at\/shop\/wp-content\/uploads\/2025\/01\/Unknown-edited.jpg\" alt=\"\" class=\"wp-image-128\" srcset=\"https:\/\/7starcbd.at\/shop\/wp-content\/uploads\/2025\/01\/Unknown-edited.jpg 640w, https:\/\/7starcbd.at\/shop\/wp-content\/uploads\/2025\/01\/Unknown-edited-300x225.jpg 300w, https:\/\/7starcbd.at\/shop\/wp-content\/uploads\/2025\/01\/Unknown-edited-600x450.jpg 600w\" sizes=\"auto, (max-width: 640px) 100vw, 640px\" \/><\/figure>\n<\/div>\n\n\n\n<div class=\"wp-block-column is-vertically-aligned-center is-layout-flow wp-block-column-is-layout-flow\" style=\"flex-basis:40%\">\n<h3 class=\"wp-block-heading is-style-asterisk\">Das Sortiment<\/h3>\n\n\n\n<p>Unser Sortiment vereint die Kraft der Natur mit modernster Wissenschaft. Jedes Produkt wird sorgf\u00e4ltig entwickelt, um Ihnen maximale Vorteile zu bieten. Unsere Kunden sch\u00e4tzen nicht nur die Wirkung unserer Produkte, sondern auch unser Engagement f\u00fcr Transparenz und Nachhaltigkeit.<\/p>\n<\/div>\n<\/div>\n<\/div>\n<\/div>\n\n\n\n<div class=\"wp-block-group alignfull has-base-color has-contrast-background-color has-text-color has-background has-global-padding is-layout-constrained wp-container-core-group-is-layout-ef3d885c wp-block-group-is-layout-constrained\" style=\"margin-top:0;margin-bottom:0;padding-top:var(--wp--preset--spacing--60);padding-right:var(--wp--preset--spacing--60);padding-bottom:var(--wp--preset--spacing--60);padding-left:var(--wp--preset--spacing--60)\">\n<div class=\"wp-block-group has-global-padding is-layout-constrained wp-block-group-is-layout-constrained\">\n<p class=\"has-text-align-center has-base-color has-text-color has-heading-font-family has-x-large-font-size\" style=\"line-height:1.2\"><em>&#8222;<em>Unsere Philosophie ist es, nicht auf Masse, sondern auf Klasse zu setzen. Durch die lokale Verf\u00fcgbarkeit garantieren wir Frische, exzellente Beratung und eine enge Verbindung zu unserer Kundschaft. Bei uns kaufen Sie nicht einfach ein Produkt \u2013 Sie erhalten ein Erlebnis, das Sie \u00fcberzeugt.<\/em>&#8222;<\/em><\/p>\n\n\n\n<div style=\"height:var(--wp--preset--spacing--10)\" aria-hidden=\"true\" class=\"wp-block-spacer\"><\/div>\n\n\n\n<div class=\"wp-block-group is-vertical is-content-justification-center is-nowrap is-layout-flex wp-container-core-group-is-layout-2dc08cea wp-block-group-is-layout-flex\">\n<p class=\"has-text-align-center\" style=\"margin-top:var(--wp--preset--spacing--10);margin-bottom:0\"><\/p>\n\n\n\n<p class=\"has-text-align-center has-contrast-3-color has-text-color has-small-font-size\" style=\"font-style:normal;font-weight:300\"><\/p>\n<\/div>\n<\/div>\n<\/div>\n\n\n\n<div class=\"wp-block-group alignfull has-global-padding is-layout-constrained wp-container-core-group-is-layout-d89aad35 wp-block-group-is-layout-constrained\" style=\"margin-top:0;margin-bottom:0;padding-top:var(--wp--preset--spacing--50);padding-right:var(--wp--preset--spacing--50);padding-bottom:var(--wp--preset--spacing--50);padding-left:var(--wp--preset--spacing--50)\">\n<div class=\"wp-block-group alignwide has-base-2-background-color has-background has-global-padding is-layout-constrained wp-container-core-group-is-layout-39412042 wp-block-group-is-layout-constrained\" style=\"border-radius:16px;padding-top:var(--wp--preset--spacing--40);padding-right:var(--wp--preset--spacing--50);padding-bottom:var(--wp--preset--spacing--40);padding-left:var(--wp--preset--spacing--50)\">\n<div style=\"height:var(--wp--preset--spacing--10)\" aria-hidden=\"true\" class=\"wp-block-spacer\"><\/div>\n\n\n\n<h2 class=\"wp-block-heading has-text-align-center has-x-large-font-size\"><strong>Ihre Gesundheit, Ihr Wohlbefinden, unser Anspruch.<\/strong><\/h2>\n\n\n\n<p class=\"has-text-align-center\">Entscheiden Sie sich f\u00fcr die Marke, die Qualit\u00e4t und Service neu definiert hat. Vertrauen Sie den&nbsp;<strong>7 Sternen von 7 Star CBD<\/strong>&nbsp;und erleben Sie den Unterschied, den wahre Leidenschaft f\u00fcr Qualit\u00e4t macht.<\/p>\n\n\n\n<div class=\"wp-block-buttons is-content-justification-center is-layout-flex wp-container-core-buttons-is-layout-a89b3969 wp-block-buttons-is-layout-flex\">\n<div class=\"wp-block-button\"><a class=\"wp-block-button__link wp-element-button\" href=\"https:\/\/7starcbd.at\/shop\/shop\">Zum Shop<\/a><\/div>\n<\/div>\n\n\n\n<div style=\"height:var(--wp--preset--spacing--10)\" aria-hidden=\"true\" class=\"wp-block-spacer\"><\/div>\n<\/div>\n<\/div>\n","protected":false},"excerpt":{"rendered":"<p>Willkommen bei 7 Star CBD Ihrem CBD-Spezialisten in Wien Aspern! Entdecken Sie die pure Kraft der Natur in unseren erstklassigen CBD-Produkten! \ud83c\udf3fUnser Name steht f\u00fcr mehr als nur hochwertige Produkte \u2013 die&nbsp;7 Sterne&nbsp;in unserem Firmennamen symbolisieren unser kompromissloses Engagement f\u00fcr Qualit\u00e4t, Reinheit und Kundenzufriedenheit. \ud83c\udf1f&nbsp;100% nat\u00fcrliche Zutaten\ud83c\udf1f&nbsp;Sorgf\u00e4ltige Herstellung\ud83c\udf1f&nbsp;Maximale Wirksamkeit Besuchen Sie unseren Shop und erleben [&hellip;]<\/p>\n","protected":false},"author":1,"featured_media":0,"parent":0,"menu_order":0,"comment_status":"closed","ping_status":"closed","template":"page-no-title","meta":{"footnotes":""},"class_list":["post-116","page","type-page","status-publish","hentry"],"yoast_head":"<!-- This site is optimized with the Yoast SEO plugin v27.4 - https:\/\/yoast.com\/product\/yoast-seo-wordpress\/ -->\n<title>Willkommen bei 7 Star CBD - 7 Star CBD<\/title>\n<meta name=\"robots\" content=\"index, follow, max-snippet:-1, max-image-preview:large, max-video-preview:-1\" \/>\n<link rel=\"canonical\" href=\"https:\/\/7starcbd.at\/shop\/\" \/>\n<meta property=\"og:locale\" content=\"de_DE\" \/>\n<meta property=\"og:type\" content=\"article\" \/>\n<meta property=\"og:title\" content=\"Willkommen bei 7 Star CBD - 7 Star CBD\" \/>\n<meta property=\"og:description\" content=\"Willkommen bei 7 Star CBD Ihrem CBD-Spezialisten in Wien Aspern! Entdecken Sie die pure Kraft der Natur in unseren erstklassigen CBD-Produkten! \ud83c\udf3fUnser Name steht f\u00fcr mehr als nur hochwertige Produkte \u2013 die&nbsp;7 Sterne&nbsp;in unserem Firmennamen symbolisieren unser kompromissloses Engagement f\u00fcr Qualit\u00e4t, Reinheit und Kundenzufriedenheit. \ud83c\udf1f&nbsp;100% nat\u00fcrliche Zutaten\ud83c\udf1f&nbsp;Sorgf\u00e4ltige Herstellung\ud83c\udf1f&nbsp;Maximale Wirksamkeit Besuchen Sie unseren Shop und erleben [&hellip;]\" \/>\n<meta property=\"og:url\" content=\"https:\/\/7starcbd.at\/shop\/\" \/>\n<meta property=\"og:site_name\" content=\"7 Star CBD\" \/>\n<meta property=\"article:modified_time\" content=\"2025-01-06T19:46:24+00:00\" \/>\n<meta property=\"og:image\" content=\"https:\/\/7starcbd.at\/shop\/wp-content\/uploads\/2025\/01\/Unknown-2-1-edited.jpg\" \/>\n\t<meta property=\"og:image:width\" content=\"640\" \/>\n\t<meta property=\"og:image:height\" content=\"360\" \/>\n\t<meta property=\"og:image:type\" content=\"image\/jpeg\" \/>\n<meta name=\"twitter:card\" content=\"summary_large_image\" \/>\n<meta name=\"twitter:label1\" content=\"Gesch\u00e4tzte Lesezeit\" \/>\n\t<meta name=\"twitter:data1\" content=\"3\u00a0Minuten\" \/>\n<script type=\"application\/ld+json\" class=\"yoast-schema-graph\">{\"@context\":\"https:\\\/\\\/schema.org\",\"@graph\":[{\"@type\":\"WebPage\",\"@id\":\"https:\\\/\\\/7starcbd.at\\\/shop\\\/\",\"url\":\"https:\\\/\\\/7starcbd.at\\\/shop\\\/\",\"name\":\"Willkommen bei 7 Star CBD - 7 Star CBD\",\"isPartOf\":{\"@id\":\"https:\\\/\\\/7starcbd.at\\\/shop\\\/#website\"},\"primaryImageOfPage\":{\"@id\":\"https:\\\/\\\/7starcbd.at\\\/shop\\\/#primaryimage\"},\"image\":{\"@id\":\"https:\\\/\\\/7starcbd.at\\\/shop\\\/#primaryimage\"},\"thumbnailUrl\":\"https:\\\/\\\/7starcbd.at\\\/shop\\\/wp-content\\\/uploads\\\/2025\\\/01\\\/Unknown-2-1-edited.jpg\",\"datePublished\":\"2025-01-01T15:13:05+00:00\",\"dateModified\":\"2025-01-06T19:46:24+00:00\",\"breadcrumb\":{\"@id\":\"https:\\\/\\\/7starcbd.at\\\/shop\\\/#breadcrumb\"},\"inLanguage\":\"de\",\"potentialAction\":[{\"@type\":\"ReadAction\",\"target\":[\"https:\\\/\\\/7starcbd.at\\\/shop\\\/\"]}]},{\"@type\":\"ImageObject\",\"inLanguage\":\"de\",\"@id\":\"https:\\\/\\\/7starcbd.at\\\/shop\\\/#primaryimage\",\"url\":\"https:\\\/\\\/7starcbd.at\\\/shop\\\/wp-content\\\/uploads\\\/2025\\\/01\\\/Unknown-2-1-edited.jpg\",\"contentUrl\":\"https:\\\/\\\/7starcbd.at\\\/shop\\\/wp-content\\\/uploads\\\/2025\\\/01\\\/Unknown-2-1-edited.jpg\",\"width\":640,\"height\":360},{\"@type\":\"BreadcrumbList\",\"@id\":\"https:\\\/\\\/7starcbd.at\\\/shop\\\/#breadcrumb\",\"itemListElement\":[{\"@type\":\"ListItem\",\"position\":1,\"name\":\"Startseite\",\"item\":\"https:\\\/\\\/7starcbd.at\\\/shop\\\/\"},{\"@type\":\"ListItem\",\"position\":2,\"name\":\"Willkommen bei 7 Star CBD\"}]},{\"@type\":\"WebSite\",\"@id\":\"https:\\\/\\\/7starcbd.at\\\/shop\\\/#website\",\"url\":\"https:\\\/\\\/7starcbd.at\\\/shop\\\/\",\"name\":\"7 Star CBD\",\"description\":\"Experience the 7-Star Difference\",\"publisher\":{\"@id\":\"https:\\\/\\\/7starcbd.at\\\/shop\\\/#organization\"},\"potentialAction\":[{\"@type\":\"SearchAction\",\"target\":{\"@type\":\"EntryPoint\",\"urlTemplate\":\"https:\\\/\\\/7starcbd.at\\\/shop\\\/?s={search_term_string}\"},\"query-input\":{\"@type\":\"PropertyValueSpecification\",\"valueRequired\":true,\"valueName\":\"search_term_string\"}}],\"inLanguage\":\"de\"},{\"@type\":\"Organization\",\"@id\":\"https:\\\/\\\/7starcbd.at\\\/shop\\\/#organization\",\"name\":\"7 Star CBD\",\"url\":\"https:\\\/\\\/7starcbd.at\\\/shop\\\/\",\"logo\":{\"@type\":\"ImageObject\",\"inLanguage\":\"de\",\"@id\":\"https:\\\/\\\/7starcbd.at\\\/shop\\\/#\\\/schema\\\/logo\\\/image\\\/\",\"url\":\"https:\\\/\\\/7starcbd.at\\\/shop\\\/wp-content\\\/uploads\\\/2025\\\/01\\\/Bildschirmfoto-2025-01-01-um-15.18.31-edited-1.png\",\"contentUrl\":\"https:\\\/\\\/7starcbd.at\\\/shop\\\/wp-content\\\/uploads\\\/2025\\\/01\\\/Bildschirmfoto-2025-01-01-um-15.18.31-edited-1.png\",\"width\":720,\"height\":480,\"caption\":\"7 Star CBD\"},\"image\":{\"@id\":\"https:\\\/\\\/7starcbd.at\\\/shop\\\/#\\\/schema\\\/logo\\\/image\\\/\"}}]}<\/script>\n<!-- \/ Yoast SEO plugin. -->","yoast_head_json":{"title":"Willkommen bei 7 Star CBD - 7 Star CBD","robots":{"index":"index","follow":"follow","max-snippet":"max-snippet:-1","max-image-preview":"max-image-preview:large","max-video-preview":"max-video-preview:-1"},"canonical":"https:\/\/7starcbd.at\/shop\/","og_locale":"de_DE","og_type":"article","og_title":"Willkommen bei 7 Star CBD - 7 Star CBD","og_description":"Willkommen bei 7 Star CBD Ihrem CBD-Spezialisten in Wien Aspern! Entdecken Sie die pure Kraft der Natur in unseren erstklassigen CBD-Produkten! \ud83c\udf3fUnser Name steht f\u00fcr mehr als nur hochwertige Produkte \u2013 die&nbsp;7 Sterne&nbsp;in unserem Firmennamen symbolisieren unser kompromissloses Engagement f\u00fcr Qualit\u00e4t, Reinheit und Kundenzufriedenheit. \ud83c\udf1f&nbsp;100% nat\u00fcrliche Zutaten\ud83c\udf1f&nbsp;Sorgf\u00e4ltige Herstellung\ud83c\udf1f&nbsp;Maximale Wirksamkeit Besuchen Sie unseren Shop und erleben [&hellip;]","og_url":"https:\/\/7starcbd.at\/shop\/","og_site_name":"7 Star CBD","article_modified_time":"2025-01-06T19:46:24+00:00","og_image":[{"width":640,"height":360,"url":"https:\/\/7starcbd.at\/shop\/wp-content\/uploads\/2025\/01\/Unknown-2-1-edited.jpg","type":"image\/jpeg"}],"twitter_card":"summary_large_image","twitter_misc":{"Gesch\u00e4tzte Lesezeit":"3\u00a0Minuten"},"schema":{"@context":"https:\/\/schema.org","@graph":[{"@type":"WebPage","@id":"https:\/\/7starcbd.at\/shop\/","url":"https:\/\/7starcbd.at\/shop\/","name":"Willkommen bei 7 Star CBD - 7 Star CBD","isPartOf":{"@id":"https:\/\/7starcbd.at\/shop\/#website"},"primaryImageOfPage":{"@id":"https:\/\/7starcbd.at\/shop\/#primaryimage"},"image":{"@id":"https:\/\/7starcbd.at\/shop\/#primaryimage"},"thumbnailUrl":"https:\/\/7starcbd.at\/shop\/wp-content\/uploads\/2025\/01\/Unknown-2-1-edited.jpg","datePublished":"2025-01-01T15:13:05+00:00","dateModified":"2025-01-06T19:46:24+00:00","breadcrumb":{"@id":"https:\/\/7starcbd.at\/shop\/#breadcrumb"},"inLanguage":"de","potentialAction":[{"@type":"ReadAction","target":["https:\/\/7starcbd.at\/shop\/"]}]},{"@type":"ImageObject","inLanguage":"de","@id":"https:\/\/7starcbd.at\/shop\/#primaryimage","url":"https:\/\/7starcbd.at\/shop\/wp-content\/uploads\/2025\/01\/Unknown-2-1-edited.jpg","contentUrl":"https:\/\/7starcbd.at\/shop\/wp-content\/uploads\/2025\/01\/Unknown-2-1-edited.jpg","width":640,"height":360},{"@type":"BreadcrumbList","@id":"https:\/\/7starcbd.at\/shop\/#breadcrumb","itemListElement":[{"@type":"ListItem","position":1,"name":"Startseite","item":"https:\/\/7starcbd.at\/shop\/"},{"@type":"ListItem","position":2,"name":"Willkommen bei 7 Star CBD"}]},{"@type":"WebSite","@id":"https:\/\/7starcbd.at\/shop\/#website","url":"https:\/\/7starcbd.at\/shop\/","name":"7 Star CBD","description":"Experience the 7-Star Difference","publisher":{"@id":"https:\/\/7starcbd.at\/shop\/#organization"},"potentialAction":[{"@type":"SearchAction","target":{"@type":"EntryPoint","urlTemplate":"https:\/\/7starcbd.at\/shop\/?s={search_term_string}"},"query-input":{"@type":"PropertyValueSpecification","valueRequired":true,"valueName":"search_term_string"}}],"inLanguage":"de"},{"@type":"Organization","@id":"https:\/\/7starcbd.at\/shop\/#organization","name":"7 Star CBD","url":"https:\/\/7starcbd.at\/shop\/","logo":{"@type":"ImageObject","inLanguage":"de","@id":"https:\/\/7starcbd.at\/shop\/#\/schema\/logo\/image\/","url":"https:\/\/7starcbd.at\/shop\/wp-content\/uploads\/2025\/01\/Bildschirmfoto-2025-01-01-um-15.18.31-edited-1.png","contentUrl":"https:\/\/7starcbd.at\/shop\/wp-content\/uploads\/2025\/01\/Bildschirmfoto-2025-01-01-um-15.18.31-edited-1.png","width":720,"height":480,"caption":"7 Star CBD"},"image":{"@id":"https:\/\/7starcbd.at\/shop\/#\/schema\/logo\/image\/"}}]}},"jetpack_sharing_enabled":true,"_links":{"self":[{"href":"https:\/\/7starcbd.at\/shop\/wp-json\/wp\/v2\/pages\/116","targetHints":{"allow":["GET"]}}],"collection":[{"href":"https:\/\/7starcbd.at\/shop\/wp-json\/wp\/v2\/pages"}],"about":[{"href":"https:\/\/7starcbd.at\/shop\/wp-json\/wp\/v2\/types\/page"}],"author":[{"embeddable":true,"href":"https:\/\/7starcbd.at\/shop\/wp-json\/wp\/v2\/users\/1"}],"replies":[{"embeddable":true,"href":"https:\/\/7starcbd.at\/shop\/wp-json\/wp\/v2\/comments?post=116"}],"version-history":[{"count":10,"href":"https:\/\/7starcbd.at\/shop\/wp-json\/wp\/v2\/pages\/116\/revisions"}],"predecessor-version":[{"id":189,"href":"https:\/\/7starcbd.at\/shop\/wp-json\/wp\/v2\/pages\/116\/revisions\/189"}],"wp:attachment":[{"href":"https:\/\/7starcbd.at\/shop\/wp-json\/wp\/v2\/media?parent=116"}],"curies":[{"name":"wp","href":"https:\/\/api.w.org\/{rel}","templated":true}]}}